{"id":867,"date":"2023-07-02T19:09:37","date_gmt":"2023-07-02T17:09:37","guid":{"rendered":"https:\/\/serwer1739540.home.pl\/fefu2\/?page_id=867"},"modified":"2023-07-20T15:57:46","modified_gmt":"2023-07-20T13:57:46","slug":"kontakt","status":"publish","type":"page","link":"https:\/\/forearthforus.com\/index.php\/kontakt\/","title":{"rendered":"Kontakt"},"content":{"rendered":"\n<div style=\"height:100px\" aria-hidden=\"true\" class=\"wp-block-spacer\"><\/div>\n\n\n<div class=\"wp-block-image\">\n<figure class=\"aligncenter size-full\"><img loading=\"lazy\" decoding=\"async\" width=\"1177\" height=\"525\" src=\"https:\/\/serwer1739540.home.pl\/fefu2\/wp-content\/uploads\/2023\/07\/kontakt.jpg\" alt=\"\" class=\"wp-image-1026\" srcset=\"https:\/\/forearthforus.com\/wp-content\/uploads\/2023\/07\/kontakt.jpg 1177w, https:\/\/forearthforus.com\/wp-content\/uploads\/2023\/07\/kontakt-300x134.jpg 300w, https:\/\/forearthforus.com\/wp-content\/uploads\/2023\/07\/kontakt-1024x457.jpg 1024w, https:\/\/forearthforus.com\/wp-content\/uploads\/2023\/07\/kontakt-768x343.jpg 768w, https:\/\/forearthforus.com\/wp-content\/uploads\/2023\/07\/kontakt-536x239.jpg 536w\" sizes=\"auto, (max-width: 1177px) 100vw, 1177px\" \/><\/figure>\n<\/div>\n\n\n<div class=\"wp-block-columns is-layout-flex wp-container-core-columns-is-layout-28f84493 wp-block-columns-is-layout-flex\">\n<div class=\"wp-block-column rozmowy is-layout-flow wp-block-column-is-layout-flow\">\n<div style=\"height:25px\" aria-hidden=\"true\" class=\"wp-block-spacer\"><\/div>\n\n\n\n<div style=\"height:22px\" aria-hidden=\"true\" class=\"wp-block-spacer\"><\/div>\n\n\n\n<div class=\"wp-block-columns is-layout-flex wp-container-core-columns-is-layout-28f84493 wp-block-columns-is-layout-flex\">\n<div class=\"wp-block-column contact is-layout-flow wp-block-column-is-layout-flow\" style=\"flex-basis:100%\">\n<div class=\"wp-block-columns is-layout-flex wp-container-core-columns-is-layout-28f84493 wp-block-columns-is-layout-flex\">\n<div class=\"wp-block-column is-layout-flow wp-block-column-is-layout-flow\">\n<p><strong>General Director<\/strong> Mariusz Wo\u017aniczka\u00a0\u00a0 \u00a0<br>(+48) 607 \u2013 352 \u2013 554\u00a0\u00a0\u00a0<br>ul. Pi\u0142karska 79, 94-121 \u0141\u00f3d\u017a<br>Poland\u00a0\u00a0\u00a0<br>Mariusz.Wozniczka@forearthforus.com<\/p>\n<\/div>\n<\/div>\n<\/div>\n<\/div>\n<\/div>\n<\/div>\n","protected":false},"excerpt":{"rendered":"<p>General Director Mariusz Wo\u017aniczka\u00a0\u00a0 \u00a0(+48) 607 \u2013 352 \u2013 554\u00a0\u00a0\u00a0ul. Pi\u0142karska 79, 94-121 \u0141\u00f3d\u017aPoland\u00a0\u00a0\u00a0Mariusz.Wozniczka@forearthforus.com<\/p>\n","protected":false},"author":1,"featured_media":0,"parent":0,"menu_order":0,"comment_status":"closed","ping_status":"closed","template":"","meta":{"footnotes":""},"class_list":["post-867","page","type-page","status-publish","hentry","no-thumb"],"_links":{"self":[{"href":"https:\/\/forearthforus.com\/index.php\/wp-json\/wp\/v2\/pages\/867","targetHints":{"allow":["GET"]}}],"collection":[{"href":"https:\/\/forearthforus.com\/index.php\/wp-json\/wp\/v2\/pages"}],"about":[{"href":"https:\/\/forearthforus.com\/index.php\/wp-json\/wp\/v2\/types\/page"}],"author":[{"embeddable":true,"href":"https:\/\/forearthforus.com\/index.php\/wp-json\/wp\/v2\/users\/1"}],"replies":[{"embeddable":true,"href":"https:\/\/forearthforus.com\/index.php\/wp-json\/wp\/v2\/comments?post=867"}],"version-history":[{"count":29,"href":"https:\/\/forearthforus.com\/index.php\/wp-json\/wp\/v2\/pages\/867\/revisions"}],"predecessor-version":[{"id":1432,"href":"https:\/\/forearthforus.com\/index.php\/wp-json\/wp\/v2\/pages\/867\/revisions\/1432"}],"wp:attachment":[{"href":"https:\/\/forearthforus.com\/index.php\/wp-json\/wp\/v2\/media?parent=867"}],"curies":[{"name":"wp","href":"https:\/\/api.w.org\/{rel}","templated":true}]}}