{"id":865,"date":"2023-07-02T19:09:26","date_gmt":"2023-07-02T17:09:26","guid":{"rendered":"https:\/\/serwer1739540.home.pl\/fefu2\/?page_id=865"},"modified":"2023-07-20T13:18:52","modified_gmt":"2023-07-20T11:18:52","slug":"rozmowy-mariusza-wozniczki","status":"publish","type":"page","link":"https:\/\/forearthforus.com\/index.php\/rozmowy-mariusza-wozniczki\/","title":{"rendered":"Rozmowy Mariusza Wo\u017aniczki"},"content":{"rendered":"\n<div class=\"wp-block-columns is-layout-flex wp-container-core-columns-is-layout-28f84493 wp-block-columns-is-layout-flex\">\n<div class=\"wp-block-column rozmowy is-layout-flow wp-block-column-is-layout-flow\">\n<div style=\"height:55px\" aria-hidden=\"true\" class=\"wp-block-spacer\"><\/div>\n\n\n\n<div class=\"wp-block-columns is-layout-flex wp-container-core-columns-is-layout-28f84493 wp-block-columns-is-layout-flex\">\n<div class=\"wp-block-column is-layout-flow wp-block-column-is-layout-flow\">\n<p>Rozpoczynamy prezentacj\u0119 cyklu program\u00f3w \u201eDLA ZIEMI DLA NAS. Rozmowy Mariusza Wo\u017aniczki\u201d, w kt\u00f3rych go\u015bci\u0107 b\u0119d\u0105 naukowcy, eksperci, wizjonerzy, pasjonaci, aktywi\u015bci, arty\u015bci, praktycy, ludzie, dla kt\u00f3rych wa\u017cne jest to co robimy z nasz\u0105 Planet\u0105 i tym samym z nasz\u0105 przysz\u0142o\u015bci\u0105, przysz\u0142o\u015bci\u0105 ca\u0142ego naszego \u015bwiata.<br><br>Prezentujemy pierwsz\u0105 rozmow\u0119 z Prof. dr hab. Ew\u0105 Bi\u0144czyk z Uniwersytetu Miko\u0142aja Kopernika, filozofk\u0105, socjolo\u017ck\u0105, autork\u0105 wielu ksi\u0105\u017cek, z kt\u00f3rych ostatnia, wydana w 2018 roku \u201eEpoka cz\u0142owieka. Retoryka i marazm antropocenu\u201d do dzisiaj jest szeroko omawiana i \u017cywo dyskutowana, tak\u017ce w mediach. W rozmowie znajdziemy odpowiedzi na kluczowe pytania: czy nasz \u015bwiat si\u0119 ju\u017c ko\u0144czy, czy cz\u0142owiek sta\u0142 si\u0119 si\u0142\u0105 sprawcz\u0105 w znaczeniu planetarnym, dlaczego tkwimy w marazmie, czy i jak mo\u017cemy uratowa\u0107 nasz \u015bwiat, nasz\u0105 przysz\u0142o\u015b\u0107.<\/p>\n\n\n\n<div class=\"wp-block-columns rozmowy-container is-layout-flex wp-container-core-columns-is-layout-28f84493 wp-block-columns-is-layout-flex\">\n<div class=\"wp-block-column is-vertically-aligned-center is-layout-flow wp-block-column-is-layout-flow\" style=\"flex-basis:50%\"><!--presto-player:video_id=1--><figure class=\"wp-block-video presto-block-video  presto-provider-youtube\" style=\"--plyr-color-main: var(--presto-player-highlight-color, #4085a2); --presto-player-logo-width: 150px; \">\n    <presto-player  id=\"presto-player-1\" src=\"\/\/www.youtube.com\/embed\/_dqQNhTyPtE?iv_load_policy=3&amp;modestbranding=1&amp;playinline=1&amp;showinfo=0&amp;rel=0&amp;enablejsapi=1\" media-title=\"Czy nasz \u015bwiat si\u0119 ko\u0144czy? | Prof. Ewa Bi\u0144czyk i Mariusz Wo\u017aniczka w rozmowie Dla Ziemi Dla Nas |\" css=\"\" class=\"presto-video-id-1 presto-preset-id-3 skin-modern\" skin=\"modern\" icon-url=\"https:\/\/forearthforus.com\/wp-content\/plugins\/presto-player\/img\/sprite.svg\" preload=\"\" poster=\"\" playsinline  >\n        \n    <div class=\"presto-iframe-fallback-container\">\n        <iframe style=\"width: 100%\" title=\"Youtube Video\" class=\"presto-fallback-iframe\" id=\"presto-iframe-fallback-1\" data-src=\"https:\/\/www.youtube.com\/embed\/_dqQNhTyPtE?iv_load_policy=3&amp;modestbranding=1&amp;playsinline=1&amp;showinfo=0&amp;rel=0&amp;enablejsapi=1\" allowfullscreen allowtransparency allow=\"autoplay\"><\/iframe>\n    <\/div>\n\n    <\/presto-player>\n<\/figure>        <script>\n            var player = document.querySelector('presto-player#presto-player-1');\n            player.video_id = 1;\n                                                player.preset = {\"id\":3,\"name\":\"Simple\",\"slug\":\"simple\",\"icon\":\"video-alt3\",\"skin\":\"modern\",\"play-large\":true,\"rewind\":false,\"play\":true,\"fast-forward\":false,\"progress\":true,\"current-time\":false,\"mute\":false,\"volume\":false,\"speed\":false,\"pip\":false,\"fullscreen\":true,\"captions\":false,\"reset_on_end\":true,\"auto_hide\":true,\"captions_enabled\":false,\"save_player_position\":false,\"sticky_scroll\":false,\"sticky_scroll_position\":\"bottom right\",\"on_video_end\":\"select\",\"play_video_viewport\":false,\"hide_youtube\":true,\"lazy_load_youtube\":false,\"hide_logo\":false,\"border_radius\":0,\"caption_style\":\"\",\"caption_background\":\"\",\"is_locked\":true,\"cta\":[\"\"],\"watermark\":[\"\"],\"search\":[\"\"],\"email_collection\":[\"\"],\"action_bar\":[\"\"],\"created_by\":1,\"created_at\":\"2023-07-20 13:16:34\",\"updated_at\":\"2023-07-20 13:16:34\",\"deleted_at\":\"\",\"show_time_elapsed\":false};\n                                                                player.chapters = [];\n                                                                player.overlays = [];\n                                                                player.tracks = [];\n                                                                player.branding = {\"logo\":\"\",\"color\":\"#4085a2\",\"logo_width\":150,\"player_css\":\"\"};\n                                                                player.blockAttributes = {\"playsInline\":true,\"mutedPreview\":{\"enabled\":false,\"captions\":false},\"mutedOverlay\":{\"enabled\":false,\"type\":\"text\",\"text\":\"\",\"src\":\"\",\"width\":200,\"focalPoint\":{\"x\":0.5,\"y\":0.5}},\"id\":1,\"src\":\"https:\\\/\\\/youtu.be\\\/_dqQNhTyPtE\",\"preset\":3,\"chapters\":[],\"overlays\":[],\"tracks\":[],\"video_id\":\"_dqQNhTyPtE\",\"visibility\":\"public\",\"color\":\"#00b3ff\",\"mutedOverlayType\":\"text\",\"mutedOverlayText\":\"Click to play\",\"mutedOverlayImageWidth\":200,\"title\":\"Czy nasz \\u015bwiat si\\u0119 ko\\u0144czy? | Prof. Ewa Bi\\u0144czyk i Mariusz Wo\\u017aniczka w rozmowie Dla Ziemi Dla Nas |\"};\n                                                                                            player.skin = \"modern\";\n                                                                player.analytics = false;\n                                                                player.automations = true;\n                                                                player.provider = \"youtube\";\n                                                                player.video_id = 1;\n                                                                                                                        player.provider_video_id = \"_dqQNhTyPtE\";\n                                                                player.youtube = {\"noCookie\":false,\"channelId\":\"\",\"show_count\":false};\n                                    <\/script>\n        <\/div>\n\n\n\n<div class=\"wp-block-column is-layout-flow wp-block-column-is-layout-flow\">\n<p class=\"has-large-font-size\">Czy nasz \u015bwiat si\u0119 ko\u0144czy?<\/p>\n\n\n\n<p class=\"has-medium-font-size\">Rozmowa z Prof. dr hab. Ew\u0105 Bi\u0144czyk w cyklu \u201eDLA ZIEMI DLA NAS. Rozmowy Mariusza Wo\u017aniczki\u201d na YouTube (For Earth For Us)<\/p>\n<\/div>\n<\/div>\n<\/div>\n<\/div>\n<\/div>\n<\/div>\n\n\n\n<div class=\"footter-contact\">\n<div><img decoding=\"async\" src=\"https:\/\/serwer1739540.home.pl\/fefu2\/wp-content\/uploads\/2023\/07\/home-logo-f01.png\"><\/div><div><a href=\"https:\/\/forearthforus.com\/index.php\/kontakt\/\">KONTAKT<\/a><\/div><\/div>\n\n\n\n<div class=\"wp-block-columns is-layout-flex wp-container-core-columns-is-layout-28f84493 wp-block-columns-is-layout-flex\"><\/div>\n\n\n\n<div class=\"wp-block-columns is-layout-flex wp-container-core-columns-is-layout-28f84493 wp-block-columns-is-layout-flex\"><\/div>\n","protected":false},"excerpt":{"rendered":"<p>Rozpoczynamy prezentacj\u0119 cyklu program\u00f3w \u201eDLA ZIEMI DLA NAS. Rozmowy Mariusza Wo\u017aniczki\u201d, w kt\u00f3rych go\u015bci\u0107 b\u0119d\u0105 naukowcy, eksperci, wizjonerzy, pasjonaci, aktywi\u015bci, arty\u015bci, praktycy, ludzie, dla kt\u00f3rych wa\u017cne jest to co robimy z nasz\u0105 Planet\u0105 i tym samym z nasz\u0105 przysz\u0142o\u015bci\u0105, przysz\u0142o\u015bci\u0105 ca\u0142ego naszego \u015bwiata. Prezentujemy pierwsz\u0105 rozmow\u0119 z Prof. dr hab. Ew\u0105 Bi\u0144czyk z Uniwersytetu Miko\u0142aja &hellip;<\/p>\n","protected":false},"author":1,"featured_media":0,"parent":0,"menu_order":0,"comment_status":"closed","ping_status":"closed","template":"","meta":{"footnotes":""},"class_list":["post-865","page","type-page","status-publish","hentry","no-thumb"],"_links":{"self":[{"href":"https:\/\/forearthforus.com\/index.php\/wp-json\/wp\/v2\/pages\/865","targetHints":{"allow":["GET"]}}],"collection":[{"href":"https:\/\/forearthforus.com\/index.php\/wp-json\/wp\/v2\/pages"}],"about":[{"href":"https:\/\/forearthforus.com\/index.php\/wp-json\/wp\/v2\/types\/page"}],"author":[{"embeddable":true,"href":"https:\/\/forearthforus.com\/index.php\/wp-json\/wp\/v2\/users\/1"}],"replies":[{"embeddable":true,"href":"https:\/\/forearthforus.com\/index.php\/wp-json\/wp\/v2\/comments?post=865"}],"version-history":[{"count":21,"href":"https:\/\/forearthforus.com\/index.php\/wp-json\/wp\/v2\/pages\/865\/revisions"}],"predecessor-version":[{"id":1338,"href":"https:\/\/forearthforus.com\/index.php\/wp-json\/wp\/v2\/pages\/865\/revisions\/1338"}],"wp:attachment":[{"href":"https:\/\/forearthforus.com\/index.php\/wp-json\/wp\/v2\/media?parent=865"}],"curies":[{"name":"wp","href":"https:\/\/api.w.org\/{rel}","templated":true}]}}