{"id":840,"date":"2023-07-02T18:49:22","date_gmt":"2023-07-02T16:49:22","guid":{"rendered":"https:\/\/serwer1739540.home.pl\/fefu2\/?page_id=840"},"modified":"2023-07-18T15:50:40","modified_gmt":"2023-07-18T13:50:40","slug":"program","status":"publish","type":"page","link":"https:\/\/forearthforus.com\/index.php\/zwolnij-dla-zdrowia\/program\/","title":{"rendered":"Program"},"content":{"rendered":"\n<div class=\"wp-block-columns is-layout-flex wp-container-core-columns-is-layout-28f84493 wp-block-columns-is-layout-flex\">\n<div class=\"wp-block-column is-layout-flow wp-block-column-is-layout-flow\">\n<div class=\"container2\">\n        <div class=\"baner2\">\n   \n         <div class=\"baner2-social\"><a href=\"https:\/\/fb.me\/e\/DEwOyVFj \"><img decoding=\"async\" src=\"https:\/\/www.forearthforus.com\/wp-content\/uploads\/2023\/06\/pngegg-5.png\"><\/a><\/div>\n        <\/div>\n        <\/div>\n\n\n\n<div class=\"wp-block-columns is-layout-flex wp-container-core-columns-is-layout-28f84493 wp-block-columns-is-layout-flex\">\n<div class=\"wp-block-column container-my is-layout-flow wp-block-column-is-layout-flow\">\n<h2 class=\"wp-block-heading headtitle\">\u201eZwolnij dla Zdrowia\u201d \u2013 dla siebie, dla bliskich, dla nas wszystkich!<\/h2>\n\n\n\n<p class=\"fundacja\"><strong>M\u0105dre dbanie o zdrowie mo\u017ce by\u0107 proste i nie wymaga ogromu czasu czy mn\u00f3stwa pieni\u0119dzy, nie szkodzi \u015brodowisku. Trzeba tylko zacz\u0105\u0107 ju\u017c teraz.<\/strong><br>Stan zdrowia Polak\u00f3w pogarsza si\u0119, dramatycznie wzrasta odsetek chor\u00f3b przewlek\u0142ych i onkologicznych, narastaj\u0105 w\u015br\u00f3d dzieci problemy z oty\u0142o\u015bci\u0105 i zdrowiem psychicznym. Wielu z nas pracuje coraz ci\u0119\u017cej i wi\u0119cej pod presj\u0105 czasu. Narasta stres i l\u0119k o przysz\u0142o\u015b\u0107. Jednocze\u015bnie nie badamy si\u0119, t\u0142umacz\u0105c si\u0119 brakiem czasu lub pieni\u0119dzy- odk\u0142adamy dbanie o nasze zdrowie na dalszy plan.<br><br>Ten stan rzeczy ka\u017cdy z nas mo\u017ce i powinien zacz\u0105\u0107 zmienia\u0107 ju\u017c od teraz. Przede wszystkim zwolni\u0107 tempo \u017cycia oraz ca\u0142o\u015bciowo zadba\u0107 o zdrowie swoje i swoich bliskich, wygospodarowa\u0107 na nie czas.<br>Porady na to jak to zrobi\u0107 znjadziesz w Miasteczku \u201eZwolnij dla Zdrowia\u201d, w niedziel\u0119, 25 czerwca, w godzinach 10.00- 17.00, w S\u0142u\u017cewskim Domu Kultury w Warszawie.<br><br>Ka\u017cdy z uczestnik\u00f3w Miasteczka b\u0119dzie mia\u0142 mo\u017cliwo\u015b\u0107 zbadania na miejscu podstawowych parametr\u00f3w stanu swojego zdrowia, uzyska\u0107 konsultacj\u0119 medyczn\u0105, dietetyczn\u0105, wys\u0142ucha\u0107 wyk\u0142ad\u00f3w ekspert\u00f3w i trener\u00f3w w dziedzinie zdrowego \u017cycia. B\u0119dzie m\u00f3g\u0142 dowiedzie\u0107 si\u0119, jak bez wi\u0119kszego wysi\u0142ku i nak\u0142ad\u00f3w, w harmonii ze \u015brodowiskiem, dba\u0107 o swoje zdrowie fizyczne i psychiczne na co dzie\u0144 za pomoc\u0105 slow joggingu, technik oddechowych i mindfulness, umo\u017cliwiaj\u0105cych poprzez \u0107wiczenia obni\u017cenie poziomu stresu w organizmie. W Miasteczku czynne b\u0119d\u0105: Akademia Zdrowia, Strefa Profilaktyki, Vital Academy a tak\u017ce Strefa Dzieci i Kawiarenka. Wst\u0119p jest bezp\u0142atny.<br>Zapoznaj si\u0119 z Programem poni\u017cej i do\u0142\u0105cz do nas 25 czerwca w S\u0142u\u017cewskim Domu Kultury w Warszawie. Czekamy na Ciebie od 10.00.<br>\u201eZwolnij dla Zdrowia\u201d \u2013 dla siebie, dla bliskich, dla nas wszystkich!<\/p>\n\n\n\n<p><\/p>\n<\/div>\n<\/div>\n<\/div>\n<\/div>\n\n\n\n<div style=\"height:20px\" aria-hidden=\"true\" class=\"wp-block-spacer\"><\/div>\n\n\n\n<h1 class=\"wp-block-heading has-text-align-center\">Program<\/h1>\n\n\n\n<div style=\"height:30px\" aria-hidden=\"true\" class=\"wp-block-spacer\"><\/div>\n\n\n\n<div class=\"wp-block-buttons is-content-justification-center is-layout-flex wp-container-core-buttons-is-layout-a89b3969 wp-block-buttons-is-layout-flex\">\n<div class=\"wp-block-button\"><a class=\"wp-block-button__link has-background wp-element-button\" href=\"https:\/\/serwer1739540.home.pl\/fefu2\/wp-content\/uploads\/2023\/07\/zwolnijdlazdrowia_program-1.pdf\" style=\"border-radius:0px;background-color:#1d75b6\">Program PDF<\/a><\/div>\n<\/div>\n\n\n\n<div class=\"wp-block-columns is-layout-flex wp-container-core-columns-is-layout-28f84493 wp-block-columns-is-layout-flex\">\n<div class=\"wp-block-column container-artists is-layout-flow wp-block-column-is-layout-flow\" style=\"flex-basis:100%\">\n<div class=\"wp-block-columns artists is-layout-flex wp-container-core-columns-is-layout-28f84493 wp-block-columns-is-layout-flex\">\n<div class=\"wp-block-column is-layout-flow wp-block-column-is-layout-flow\" style=\"flex-basis:80%\"><div class=\"wp-block-image\">\n<figure class=\"aligncenter size-full\"><img loading=\"lazy\" decoding=\"async\" width=\"1587\" height=\"4535\" src=\"https:\/\/serwer1739540.home.pl\/fefu2\/wp-content\/uploads\/2023\/07\/zwolnijdlazdrowia_program_na-www_large.png\" alt=\"\" class=\"wp-image-1127\" srcset=\"https:\/\/forearthforus.com\/wp-content\/uploads\/2023\/07\/zwolnijdlazdrowia_program_na-www_large.png 1587w, https:\/\/forearthforus.com\/wp-content\/uploads\/2023\/07\/zwolnijdlazdrowia_program_na-www_large-105x300.png 105w, https:\/\/forearthforus.com\/wp-content\/uploads\/2023\/07\/zwolnijdlazdrowia_program_na-www_large-358x1024.png 358w, https:\/\/forearthforus.com\/wp-content\/uploads\/2023\/07\/zwolnijdlazdrowia_program_na-www_large-768x2195.png 768w, https:\/\/forearthforus.com\/wp-content\/uploads\/2023\/07\/zwolnijdlazdrowia_program_na-www_large-538x1536.png 538w, https:\/\/forearthforus.com\/wp-content\/uploads\/2023\/07\/zwolnijdlazdrowia_program_na-www_large-717x2048.png 717w, https:\/\/forearthforus.com\/wp-content\/uploads\/2023\/07\/zwolnijdlazdrowia_program_na-www_large-536x1532.png 536w\" sizes=\"auto, (max-width: 1587px) 100vw, 1587px\" \/><\/figure>\n<\/div><\/div>\n<\/div>\n<\/div>\n<\/div>\n\n\n\n<h1 class=\"wp-block-heading has-text-align-center\">Organizatorzy<\/h1>\n\n\n\n<div class=\"wp-block-columns is-layout-flex wp-container-core-columns-is-layout-28f84493 wp-block-columns-is-layout-flex\">\n<div class=\"wp-block-column container-my is-layout-flow wp-block-column-is-layout-flow\">\n<div class=\"wp-block-columns artists is-layout-flex wp-container-core-columns-is-layout-28f84493 wp-block-columns-is-layout-flex\">\n<div class=\"wp-block-column is-layout-flow wp-block-column-is-layout-flow\">\n<div class=\"wp-block-columns is-layout-flex wp-container-core-columns-is-layout-28f84493 wp-block-columns-is-layout-flex\">\n<div class=\"wp-block-column is-vertically-aligned-top has-white-color has-text-color is-layout-flow wp-block-column-is-layout-flow\">\n<figure class=\"wp-block-image size-large\"><img loading=\"lazy\" decoding=\"async\" width=\"1024\" height=\"1024\" src=\"https:\/\/serwer1739540.home.pl\/fefu2\/wp-content\/uploads\/2023\/07\/logo_FUJ_1500_1500piks-1024x1024.png\" alt=\"\" class=\"wp-image-860\" srcset=\"https:\/\/forearthforus.com\/wp-content\/uploads\/2023\/07\/logo_FUJ_1500_1500piks-1024x1024.png 1024w, https:\/\/forearthforus.com\/wp-content\/uploads\/2023\/07\/logo_FUJ_1500_1500piks-300x300.png 300w, https:\/\/forearthforus.com\/wp-content\/uploads\/2023\/07\/logo_FUJ_1500_1500piks-150x150.png 150w, https:\/\/forearthforus.com\/wp-content\/uploads\/2023\/07\/logo_FUJ_1500_1500piks-768x768.png 768w, https:\/\/forearthforus.com\/wp-content\/uploads\/2023\/07\/logo_FUJ_1500_1500piks-400x400.png 400w, https:\/\/forearthforus.com\/wp-content\/uploads\/2023\/07\/logo_FUJ_1500_1500piks-512x512.png 512w, https:\/\/forearthforus.com\/wp-content\/uploads\/2023\/07\/logo_FUJ_1500_1500piks-536x536.png 536w, https:\/\/forearthforus.com\/wp-content\/uploads\/2023\/07\/logo_FUJ_1500_1500piks.png 1500w\" sizes=\"auto, (max-width: 1024px) 100vw, 1024px\" \/><\/figure>\n\n\n\n<h2 class=\"wp-block-heading has-text-align-center artisttitle has-white-color has-text-color has-background\" style=\"background-color:#008295;font-size:16px;text-transform:uppercase\"><a href=\"https:\/\/www.forearthforus.com\/zwolnij-dla-zdrowia\/program\/#\">FUNDACJA URSZULI JAWORSKIEJ<\/a><\/h2>\n<\/div>\n\n\n\n<div class=\"wp-block-column is-vertically-aligned-top has-white-color has-text-color is-layout-flow wp-block-column-is-layout-flow\">\n<figure class=\"wp-block-image size-full\"><img loading=\"lazy\" decoding=\"async\" width=\"675\" height=\"675\" src=\"https:\/\/serwer1739540.home.pl\/fefu2\/wp-content\/uploads\/2023\/07\/slow-jogging-polska-logo-675x675-1.jpg\" alt=\"\" class=\"wp-image-861\" srcset=\"https:\/\/forearthforus.com\/wp-content\/uploads\/2023\/07\/slow-jogging-polska-logo-675x675-1.jpg 675w, https:\/\/forearthforus.com\/wp-content\/uploads\/2023\/07\/slow-jogging-polska-logo-675x675-1-300x300.jpg 300w, https:\/\/forearthforus.com\/wp-content\/uploads\/2023\/07\/slow-jogging-polska-logo-675x675-1-150x150.jpg 150w, https:\/\/forearthforus.com\/wp-content\/uploads\/2023\/07\/slow-jogging-polska-logo-675x675-1-400x400.jpg 400w, https:\/\/forearthforus.com\/wp-content\/uploads\/2023\/07\/slow-jogging-polska-logo-675x675-1-512x512.jpg 512w, https:\/\/forearthforus.com\/wp-content\/uploads\/2023\/07\/slow-jogging-polska-logo-675x675-1-536x536.jpg 536w\" sizes=\"auto, (max-width: 675px) 100vw, 675px\" \/><\/figure>\n\n\n\n<h2 class=\"wp-block-heading has-text-align-center artisttitle has-white-color has-text-color has-background\" style=\"background-color:#008295;font-size:16px;text-transform:uppercase\"><a href=\"https:\/\/www.forearthforus.com\/zwolnij-dla-zdrowia\/program\/#\">STOWARZYSZENIE SLOW JOGGING POLSKA<\/a><\/h2>\n<\/div>\n<\/div>\n<\/div>\n\n\n\n<div class=\"wp-block-column is-layout-flow wp-block-column-is-layout-flow\">\n<div class=\"wp-block-columns is-layout-flex wp-container-core-columns-is-layout-28f84493 wp-block-columns-is-layout-flex\">\n<div class=\"wp-block-column is-vertically-aligned-top has-white-color has-text-color is-layout-flow wp-block-column-is-layout-flow\">\n<figure class=\"wp-block-image size-full\"><img loading=\"lazy\" decoding=\"async\" width=\"731\" height=\"730\" src=\"https:\/\/serwer1739540.home.pl\/fefu2\/wp-content\/uploads\/2023\/07\/FEFU_logo_ciemne-tlo2-1.png\" alt=\"\" class=\"wp-image-509\" srcset=\"https:\/\/forearthforus.com\/wp-content\/uploads\/2023\/07\/FEFU_logo_ciemne-tlo2-1.png 731w, https:\/\/forearthforus.com\/wp-content\/uploads\/2023\/07\/FEFU_logo_ciemne-tlo2-1-300x300.png 300w, https:\/\/forearthforus.com\/wp-content\/uploads\/2023\/07\/FEFU_logo_ciemne-tlo2-1-150x150.png 150w, https:\/\/forearthforus.com\/wp-content\/uploads\/2023\/07\/FEFU_logo_ciemne-tlo2-1-400x400.png 400w, https:\/\/forearthforus.com\/wp-content\/uploads\/2023\/07\/FEFU_logo_ciemne-tlo2-1-512x512.png 512w, https:\/\/forearthforus.com\/wp-content\/uploads\/2023\/07\/FEFU_logo_ciemne-tlo2-1-536x535.png 536w\" sizes=\"auto, (max-width: 731px) 100vw, 731px\" \/><\/figure>\n\n\n\n<h2 class=\"wp-block-heading has-text-align-center artisttitle has-white-color has-text-color has-background\" style=\"background-color:#008295;font-size:16px;text-transform:uppercase\"><a href=\"https:\/\/www.forearthforus.com\/zwolnij-dla-zdrowia\/program\/#\">FUNDACJA FOR EARTH FOR US<\/a><\/h2>\n<\/div>\n\n\n\n<div class=\"wp-block-column is-vertically-aligned-top has-white-color has-text-color is-layout-flow wp-block-column-is-layout-flow\">\n<figure class=\"wp-block-image size-full\"><img loading=\"lazy\" decoding=\"async\" width=\"600\" height=\"600\" src=\"https:\/\/serwer1739540.home.pl\/fefu2\/wp-content\/uploads\/2023\/07\/VisionAir-600px.jpg\" alt=\"\" class=\"wp-image-495\" srcset=\"https:\/\/forearthforus.com\/wp-content\/uploads\/2023\/07\/VisionAir-600px.jpg 600w, https:\/\/forearthforus.com\/wp-content\/uploads\/2023\/07\/VisionAir-600px-300x300.jpg 300w, https:\/\/forearthforus.com\/wp-content\/uploads\/2023\/07\/VisionAir-600px-150x150.jpg 150w, https:\/\/forearthforus.com\/wp-content\/uploads\/2023\/07\/VisionAir-600px-400x400.jpg 400w, https:\/\/forearthforus.com\/wp-content\/uploads\/2023\/07\/VisionAir-600px-512x512.jpg 512w, https:\/\/forearthforus.com\/wp-content\/uploads\/2023\/07\/VisionAir-600px-536x536.jpg 536w\" sizes=\"auto, (max-width: 600px) 100vw, 600px\" \/><\/figure>\n\n\n\n<h2 class=\"wp-block-heading has-text-align-center artisttitle has-white-color has-text-color has-background\" style=\"background-color:#008295;font-size:16px;text-transform:uppercase\"><a href=\"https:\/\/www.forearthforus.com\/zwolnij-dla-zdrowia\/program\/\">ORGANIZATOR WYKONAWCZY- VISIONAIR<\/a><\/h2>\n<\/div>\n<\/div>\n<\/div>\n<\/div>\n<\/div>\n<\/div>\n\n\n\n<div style=\"height:40px\" aria-hidden=\"true\" class=\"wp-block-spacer\"><\/div>\n\n\n\n<div class=\"footter-contact\">\n<div><img decoding=\"async\" src=\"https:\/\/serwer1739540.home.pl\/fefu2\/wp-content\/uploads\/2023\/07\/home-logo-f01.png\"><\/div><div><a href=\"https:\/\/forearthforus.com\/index.php\/kontakt\/\">KONTAKT<\/a><\/div><\/div>\n\n\n\n\n\n<div class=\"wp-block-columns is-layout-flex wp-container-core-columns-is-layout-28f84493 wp-block-columns-is-layout-flex\"><\/div>\n\n\n\n<div class=\"wp-block-columns is-layout-flex wp-container-core-columns-is-layout-28f84493 wp-block-columns-is-layout-flex\"><\/div>\n\n\n\n<div class=\"wp-block-columns is-layout-flex wp-container-core-columns-is-layout-28f84493 wp-block-columns-is-layout-flex\"><\/div>\n\n\n\n<div class=\"wp-block-columns is-layout-flex wp-container-core-columns-is-layout-28f84493 wp-block-columns-is-layout-flex\"><\/div>\n","protected":false},"excerpt":{"rendered":"<p>\u201eZwolnij dla Zdrowia\u201d \u2013 dla siebie, dla bliskich, dla nas wszystkich! M\u0105dre dbanie o zdrowie mo\u017ce by\u0107 proste i nie wymaga ogromu czasu czy mn\u00f3stwa pieni\u0119dzy, nie szkodzi \u015brodowisku. Trzeba tylko zacz\u0105\u0107 ju\u017c teraz.Stan zdrowia Polak\u00f3w pogarsza si\u0119, dramatycznie wzrasta odsetek chor\u00f3b przewlek\u0142ych i onkologicznych, narastaj\u0105 w\u015br\u00f3d dzieci problemy z oty\u0142o\u015bci\u0105 i zdrowiem psychicznym. Wielu &hellip;<\/p>\n","protected":false},"author":1,"featured_media":0,"parent":831,"menu_order":0,"comment_status":"closed","ping_status":"closed","template":"","meta":{"footnotes":""},"class_list":["post-840","page","type-page","status-publish","hentry","no-thumb"],"_links":{"self":[{"href":"https:\/\/forearthforus.com\/index.php\/wp-json\/wp\/v2\/pages\/840","targetHints":{"allow":["GET"]}}],"collection":[{"href":"https:\/\/forearthforus.com\/index.php\/wp-json\/wp\/v2\/pages"}],"about":[{"href":"https:\/\/forearthforus.com\/index.php\/wp-json\/wp\/v2\/types\/page"}],"author":[{"embeddable":true,"href":"https:\/\/forearthforus.com\/index.php\/wp-json\/wp\/v2\/users\/1"}],"replies":[{"embeddable":true,"href":"https:\/\/forearthforus.com\/index.php\/wp-json\/wp\/v2\/comments?post=840"}],"version-history":[{"count":19,"href":"https:\/\/forearthforus.com\/index.php\/wp-json\/wp\/v2\/pages\/840\/revisions"}],"predecessor-version":[{"id":1644,"href":"https:\/\/forearthforus.com\/index.php\/wp-json\/wp\/v2\/pages\/840\/revisions\/1644"}],"up":[{"embeddable":true,"href":"https:\/\/forearthforus.com\/index.php\/wp-json\/wp\/v2\/pages\/831"}],"wp:attachment":[{"href":"https:\/\/forearthforus.com\/index.php\/wp-json\/wp\/v2\/media?parent=840"}],"curies":[{"name":"wp","href":"https:\/\/api.w.org\/{rel}","templated":true}]}}