{"id":796,"date":"2023-07-02T16:47:20","date_gmt":"2023-07-02T14:47:20","guid":{"rendered":"https:\/\/serwer1739540.home.pl\/fefu2\/?page_id=796"},"modified":"2023-07-20T15:17:08","modified_gmt":"2023-07-20T13:17:08","slug":"idea","status":"publish","type":"page","link":"https:\/\/forearthforus.com\/index.php\/idea\/","title":{"rendered":"Idea"},"content":{"rendered":"\n<div class=\"wp-block-columns is-layout-flex wp-container-core-columns-is-layout-28f84493 wp-block-columns-is-layout-flex\">\n<div class=\"wp-block-column container-my is-layout-flow wp-block-column-is-layout-flow\">\n<div style=\"height:30px\" aria-hidden=\"true\" class=\"wp-block-spacer\"><\/div>\n\n\n\n<div style=\"height:35px\" aria-hidden=\"true\" class=\"wp-block-spacer\"><\/div>\n\n\n\n<div class=\"wp-block-cover heroimage idea-hero has-medium-font-size\" style=\"min-height:300px;aspect-ratio:unset;\"><span aria-hidden=\"true\" class=\"wp-block-cover__background has-background-dim-0 has-background-dim\"><\/span><img loading=\"lazy\" decoding=\"async\" width=\"1902\" height=\"660\" class=\"wp-block-cover__image-background wp-image-797\" alt=\"\" src=\"https:\/\/serwer1739540.home.pl\/fefu2\/wp-content\/uploads\/2023\/07\/home-003c.jpg\" data-object-fit=\"cover\" srcset=\"https:\/\/forearthforus.com\/wp-content\/uploads\/2023\/07\/home-003c.jpg 1902w, https:\/\/forearthforus.com\/wp-content\/uploads\/2023\/07\/home-003c-300x104.jpg 300w, https:\/\/forearthforus.com\/wp-content\/uploads\/2023\/07\/home-003c-1024x355.jpg 1024w, https:\/\/forearthforus.com\/wp-content\/uploads\/2023\/07\/home-003c-768x266.jpg 768w, https:\/\/forearthforus.com\/wp-content\/uploads\/2023\/07\/home-003c-1536x533.jpg 1536w, https:\/\/forearthforus.com\/wp-content\/uploads\/2023\/07\/home-003c-536x186.jpg 536w\" sizes=\"auto, (max-width: 1902px) 100vw, 1902px\" \/><div class=\"wp-block-cover__inner-container is-layout-flow wp-block-cover-is-layout-flow\">\n<div class=\"wp-block-columns is-layout-flex wp-container-core-columns-is-layout-28f84493 wp-block-columns-is-layout-flex\">\n<div class=\"wp-block-column is-layout-flow wp-block-column-is-layout-flow\"><div class=\"wp-block-image idea-logo\">\n<figure class=\"alignleft size-full is-resized\"><img loading=\"lazy\" decoding=\"async\" src=\"https:\/\/serwer1739540.home.pl\/fefu2\/wp-content\/uploads\/2023\/07\/home-04a-246x300-2.png\" alt=\"\" class=\"wp-image-798\" width=\"120\" height=\"145\"\/><\/figure>\n<\/div><\/div>\n\n\n\n<div class=\"wp-block-column is-layout-flow wp-block-column-is-layout-flow\">\n<p class=\"idea-text has-white-color has-text-color has-medium-font-size\"><br><em>Nie dziedziczymy Ziemi po przodkach,<br>Po\u017cyczamy j\u0105 od dzieci<br>(prawdopodobnie staroindia\u0144skie)<\/em><\/p>\n<\/div>\n<\/div>\n<\/div><\/div>\n\n\n\n<div class=\"wp-block-media-text alignwide is-stacked-on-mobile is-image-fill\"><figure class=\"wp-block-media-text__media\" style=\"background-image:url(https:\/\/serwer1739540.home.pl\/fefu2\/wp-content\/uploads\/2023\/07\/home-001-1.jpg);background-position:37% 11%\"><img loading=\"lazy\" decoding=\"async\" width=\"956\" height=\"261\" src=\"https:\/\/serwer1739540.home.pl\/fefu2\/wp-content\/uploads\/2023\/07\/home-001-1.jpg\" alt=\"\" class=\"wp-image-800 size-full\" srcset=\"https:\/\/forearthforus.com\/wp-content\/uploads\/2023\/07\/home-001-1.jpg 956w, https:\/\/forearthforus.com\/wp-content\/uploads\/2023\/07\/home-001-1-300x82.jpg 300w, https:\/\/forearthforus.com\/wp-content\/uploads\/2023\/07\/home-001-1-768x210.jpg 768w, https:\/\/forearthforus.com\/wp-content\/uploads\/2023\/07\/home-001-1-536x146.jpg 536w\" sizes=\"auto, (max-width: 956px) 100vw, 956px\" \/><\/figure><div class=\"wp-block-media-text__content\">\n<p class=\"has-small-font-size\">R\u00f3wnie\u017c w\u015br\u00f3d nas narasta potrzeba konstruktywnego zaanga\u017cowania na rzecz poprawy stanu otaczaj\u0105cego nas codziennie \u015bwiata, naszego domu.<br><br>Wiemy, \u017ce od jego kondycji zale\u017ce\u0107 b\u0119dzie los przysz\u0142ych pokole\u0144 dlatego chcemy dzia\u0142a\u0107 tu i teraz. Wierzymy, \u017ce wsp\u00f3lne dzia\u0142anie w dobrej sprawie mo\u017ce przyczyni\u0107 si\u0119 do poprawy naszych mi\u0119dzyludzkich relacji. Nawet ma\u0142a zmiana ma du\u017ce znaczenie.<br><\/p>\n<\/div><\/div>\n\n\n\n<div class=\"wp-block-media-text alignwide has-media-on-the-right is-stacked-on-mobile is-image-fill\"><div class=\"wp-block-media-text__content\">\n<h2 class=\"wp-block-heading\"><strong>Problem<\/strong><\/h2>\n\n\n\n<p class=\"has-small-font-size\">Rozw\u00f3j cywilizacji i dzia\u0142alno\u015b\u0107 cz\u0142owieka powoduj\u0105 nieodwracalne zmiany na Ziemi i to najbli\u017csze lata, a nie dekady, przes\u0105dz\u0105 o losie \u015bwiata, jaki znamy.<\/p>\n\n\n\n<p class=\"has-small-font-size\">Post\u0119puj\u0105ca degradacja Ziemi oraz relacji mi\u0119dzyludzkich przykuwaj\u0105 uwag\u0119 ludzi na ca\u0142ym \u015bwiecie niezale\u017cnie od ich zamo\u017cno\u015bci i statusu.<\/p>\n<\/div><figure class=\"wp-block-media-text__media\" style=\"background-image:url(https:\/\/serwer1739540.home.pl\/fefu2\/wp-content\/uploads\/2023\/07\/home-002.jpg);background-position:50% 50%\"><img loading=\"lazy\" decoding=\"async\" width=\"946\" height=\"261\" src=\"https:\/\/serwer1739540.home.pl\/fefu2\/wp-content\/uploads\/2023\/07\/home-002.jpg\" alt=\"\" class=\"wp-image-807 size-full\" srcset=\"https:\/\/forearthforus.com\/wp-content\/uploads\/2023\/07\/home-002.jpg 946w, https:\/\/forearthforus.com\/wp-content\/uploads\/2023\/07\/home-002-300x83.jpg 300w, https:\/\/forearthforus.com\/wp-content\/uploads\/2023\/07\/home-002-768x212.jpg 768w, https:\/\/forearthforus.com\/wp-content\/uploads\/2023\/07\/home-002-536x148.jpg 536w\" sizes=\"auto, (max-width: 946px) 100vw, 946px\" \/><\/figure><\/div>\n\n\n\n<div style=\"height:40px\" aria-hidden=\"true\" class=\"wp-block-spacer\"><\/div>\n\n\n\n<div class=\"wp-block-columns is-layout-flex wp-container-core-columns-is-layout-28f84493 wp-block-columns-is-layout-flex\">\n<div class=\"wp-block-column is-layout-flow wp-block-column-is-layout-flow\"><\/div>\n<\/div>\n<\/div>\n<\/div>\n\n\n\n<div style=\"height:20px\" aria-hidden=\"true\" class=\"wp-block-spacer\"><\/div>\n\n\n\n<h1 class=\"wp-block-heading has-text-align-center\">Earth Festival<\/h1>\n\n\n\n<figure class=\"wp-block-image size-large heroimage\"><img loading=\"lazy\" decoding=\"async\" width=\"1024\" height=\"333\" src=\"https:\/\/serwer1739540.home.pl\/fefu2\/wp-content\/uploads\/2023\/07\/glowna_FESTIVAL-1024x333.jpg\" alt=\"\" class=\"wp-image-808\" srcset=\"https:\/\/forearthforus.com\/wp-content\/uploads\/2023\/07\/glowna_FESTIVAL-1024x333.jpg 1024w, https:\/\/forearthforus.com\/wp-content\/uploads\/2023\/07\/glowna_FESTIVAL-300x97.jpg 300w, https:\/\/forearthforus.com\/wp-content\/uploads\/2023\/07\/glowna_FESTIVAL-768x250.jpg 768w, https:\/\/forearthforus.com\/wp-content\/uploads\/2023\/07\/glowna_FESTIVAL-1536x499.jpg 1536w, https:\/\/forearthforus.com\/wp-content\/uploads\/2023\/07\/glowna_FESTIVAL-536x174.jpg 536w, https:\/\/forearthforus.com\/wp-content\/uploads\/2023\/07\/glowna_FESTIVAL.jpg 1902w\" sizes=\"auto, (max-width: 1024px) 100vw, 1024px\" \/><\/figure>\n\n\n\n<div style=\"height:30px\" aria-hidden=\"true\" class=\"wp-block-spacer\"><\/div>\n\n\n\n<div style=\"height:40px\" aria-hidden=\"true\" class=\"wp-block-spacer\"><\/div>\n\n\n\n<div class=\"footter-contact\">\n<div><img decoding=\"async\" src=\"https:\/\/serwer1739540.home.pl\/fefu2\/wp-content\/uploads\/2023\/07\/home-logo-f01.png\"><\/div><div><a href=\"https:\/\/forearthforus.com\/index.php\/kontakt\/\">KONTAKT<\/a><\/div><\/div>\n\n\n","protected":false},"excerpt":{"rendered":"<p>R\u00f3wnie\u017c w\u015br\u00f3d nas narasta potrzeba konstruktywnego zaanga\u017cowania na rzecz poprawy stanu otaczaj\u0105cego nas codziennie \u015bwiata, naszego domu. Wiemy, \u017ce od jego kondycji zale\u017ce\u0107 b\u0119dzie los przysz\u0142ych pokole\u0144 dlatego chcemy dzia\u0142a\u0107 tu i teraz. Wierzymy, \u017ce wsp\u00f3lne dzia\u0142anie w dobrej sprawie mo\u017ce przyczyni\u0107 si\u0119 do poprawy naszych mi\u0119dzyludzkich relacji. Nawet ma\u0142a zmiana ma du\u017ce znaczenie. Problem &hellip;<\/p>\n","protected":false},"author":1,"featured_media":0,"parent":0,"menu_order":0,"comment_status":"closed","ping_status":"closed","template":"","meta":{"footnotes":""},"class_list":["post-796","page","type-page","status-publish","hentry","no-thumb"],"_links":{"self":[{"href":"https:\/\/forearthforus.com\/index.php\/wp-json\/wp\/v2\/pages\/796","targetHints":{"allow":["GET"]}}],"collection":[{"href":"https:\/\/forearthforus.com\/index.php\/wp-json\/wp\/v2\/pages"}],"about":[{"href":"https:\/\/forearthforus.com\/index.php\/wp-json\/wp\/v2\/types\/page"}],"author":[{"embeddable":true,"href":"https:\/\/forearthforus.com\/index.php\/wp-json\/wp\/v2\/users\/1"}],"replies":[{"embeddable":true,"href":"https:\/\/forearthforus.com\/index.php\/wp-json\/wp\/v2\/comments?post=796"}],"version-history":[{"count":24,"href":"https:\/\/forearthforus.com\/index.php\/wp-json\/wp\/v2\/pages\/796\/revisions"}],"predecessor-version":[{"id":1412,"href":"https:\/\/forearthforus.com\/index.php\/wp-json\/wp\/v2\/pages\/796\/revisions\/1412"}],"wp:attachment":[{"href":"https:\/\/forearthforus.com\/index.php\/wp-json\/wp\/v2\/media?parent=796"}],"curies":[{"name":"wp","href":"https:\/\/api.w.org\/{rel}","templated":true}]}}