{"id":1629,"date":"2024-05-10T15:59:05","date_gmt":"2024-05-10T13:59:05","guid":{"rendered":"https:\/\/forearthforus.com\/?page_id=1629"},"modified":"2024-05-15T17:50:55","modified_gmt":"2024-05-15T15:50:55","slug":"program-2","status":"publish","type":"page","link":"https:\/\/forearthforus.com\/index.php\/zwolnij-dla-zdrowia\/program-2\/","title":{"rendered":"Program"},"content":{"rendered":"\n<div class=\"wp-block-columns is-layout-flex wp-container-core-columns-is-layout-28f84493 wp-block-columns-is-layout-flex\">\n<div class=\"wp-block-column is-layout-flow wp-block-column-is-layout-flow\">\n<div class=\"container2\">\n        <div class=\"baner2\">\n   \n         <div class=\"baner2-social\"><a href=\"https:\/\/fb.me\/e\/DEwOyVFj \"><img decoding=\"async\" src=\"https:\/\/www.forearthforus.com\/wp-content\/uploads\/2023\/06\/pngegg-5.png\"><\/a><\/div>\n        <\/div>\n        <\/div>\n\n\n\n<div class=\"wp-block-columns is-layout-flex wp-container-core-columns-is-layout-28f84493 wp-block-columns-is-layout-flex\">\n<div class=\"wp-block-column container-my is-layout-flow wp-block-column-is-layout-flow\">\n<h2 class=\"wp-block-heading headtitle\">\u201eZwolnij dla Zdrowia\u201d \u2013 dla siebie, dla bliskich, dla nas wszystkich!<\/h2>\n\n\n\n<p class=\"fundacja\"><strong>Druga edycja Miasteczka \u201eZwolnij dla Zdrowia\u201d w sobot\u0119, 25 maja 2024 roku, <\/strong><br><strong>w S\u0142u\u017cewskim Domu Kultury w Warszawie. <\/strong><br><br><strong>To czas na bezp\u0142atne konsultacje medyczne i prozdrowotne atrakcje dla ca\u0142ych rodzin! <\/strong><br><br>Zadbanie o zdrowie mo\u017ce by\u0107 bardzo proste! Zapraszamy wi\u0119c w sobot\u0119 25 maja, w godzinach 10-16 do Miasteczka &#8222;Zwolnij dla Zdrowia\u201d, usytuowanego w S\u0142u\u017cewskim Domu Kultury w Warszawie, gdzie czekaj\u0105 na uczestnik\u00f3w m.in. darmowe badania profilaktyczne (testy anty-HCV, analiza sk\u0142adu cia\u0142a, badanie lipidogramu i inne) oraz szkolenia z zasad udzielania pierwszej pomocy. Z uwagi na przypadaj\u0105cy w tym samym czasie Mi\u0119dzynarodowy Dzie\u0144 Slow Joggingu &#8211; o godz. 13:30 zaplanowany jest specjalny bieg (5 km) ku pami\u0119ci prof. Hiroakiego Tanaki. <br>Recepty na zdrowie potwierdzone naukowo s\u0105 naprawd\u0119 proste: regularny\u00a0ruch, zbilansowana dieta, regeneruj\u0105cy sen i spokojny oddech. Przybywaj\u0105c na nasze wydarzenie poznasz praktyczne i dost\u0119pne dla ka\u017cdego praktyki, nie wymagaj\u0105ce wielkiego bud\u017cetu. Cz\u0119sto wystarczy wygodny str\u00f3j i osobista motywacja. <br><br>Ka\u017cdy z uczestnik\u00f3w Miasteczka b\u0119dzie mia\u0142 mo\u017cliwo\u015b\u0107 na miejscu wys\u0142ucha\u0107 wyk\u0142ad\u00f3w ekspert\u00f3w i trener\u00f3w w dziedzinie zdrowego \u017cycia. B\u0119dzie m\u00f3g\u0142 dowiedzie\u0107 si\u0119, jak bez wi\u0119kszego wysi\u0142ku i nak\u0142ad\u00f3w, w harmonii ze \u015brodowiskiem, dba\u0107 o swoje zdrowie fizyczne i psychiczne na co dzie\u0144 za pomoc\u0105 slow joggingu, technik oddechowych i mindfulness, umo\u017cliwiaj\u0105cych poprzez \u0107wiczenia obni\u017cenie poziomu stresu w organizmie. Dodatkowo na stoiskach partner\u00f3w b\u0119dzie prowadzona edukacja w zakresie dawstwa szpiku, bada\u0144 klinicznych, korzy\u015bciach do\u0142\u0105czenia do Programu Og\u00f3lnopolska Karta Seniora, a tak\u017ce naby\u0107 ksi\u0105\u017cki o Slow Joggingu i oddechu. Najm\u0142odsi uczestnicy b\u0119d\u0105 mogli skorzysta\u0107 ze strefy Skato i mat sensorycznych Muffik. <br><br>W\u015br\u00f3d uczestnik\u00f3w rozlosowanych zostanie r\u00f3wnie\u017c 20 nagr\u00f3d &#8211; produkt\u00f3w marki Vitammy, wspieraj\u0105cych witalno\u015b\u0107, dobre samopoczucie, zdrowy styl \u017cycia i zdrowie. <br><br>Wydarzenie obj\u0119te zosta\u0142o Honorowym Patronatem Rzecznika Praw Pacjenta, NFZ &#8211; Mazowieckiego Oddzia\u0142u Wojew\u00f3dzkiego w Warszawie, Agencji Bada\u0144 Medycznych oraz Burmistrza dzielnicy Mokot\u00f3w. <br>Organizatorami wydarzenia s\u0105: Fundacja For Earth For US, Fundacja Urszuli Jaworskiej, Stowarzyszenie Slow Jogging Polska <br><br>Wi\u0119cej o wydarzeniu oraz aktualny program znajdziesz tutaj: <a href=\"https:\/\/tiny.pl\/dc45g\">https:\/\/tiny.pl\/dc45g<\/a><\/p>\n<\/div>\n<\/div>\n<\/div>\n<\/div>\n\n\n\n<h1 class=\"wp-block-heading has-text-align-center\">Program<\/h1>\n\n\n\n<div style=\"height:30px\" aria-hidden=\"true\" class=\"wp-block-spacer\"><\/div>\n\n\n\n<div class=\"wp-block-buttons is-content-justification-center is-layout-flex wp-container-core-buttons-is-layout-a89b3969 wp-block-buttons-is-layout-flex\">\n<div class=\"wp-block-button\"><a class=\"wp-block-button__link has-background wp-element-button\" href=\"https:\/\/forearthforus.com\/wp-content\/uploads\/2024\/05\/ZdZ24_program.png\" style=\"border-radius:0px;background-color:#1d75b6\">Program PDF<\/a><\/div>\n<\/div>\n\n\n\n<div class=\"wp-block-columns is-layout-flex wp-container-core-columns-is-layout-28f84493 wp-block-columns-is-layout-flex\">\n<div class=\"wp-block-column container-artists is-layout-flow wp-block-column-is-layout-flow\" style=\"flex-basis:100%\">\n<div class=\"wp-block-columns artists is-layout-flex wp-container-core-columns-is-layout-28f84493 wp-block-columns-is-layout-flex\">\n<div class=\"wp-block-column is-layout-flow wp-block-column-is-layout-flow\" style=\"flex-basis:80%\">\n<figure class=\"wp-block-image size-full\"><img loading=\"lazy\" decoding=\"async\" width=\"794\" height=\"2268\" src=\"https:\/\/forearthforus.com\/wp-content\/uploads\/2024\/05\/ZdZ24_program.png\" alt=\"\" class=\"wp-image-1639\" srcset=\"https:\/\/forearthforus.com\/wp-content\/uploads\/2024\/05\/ZdZ24_program.png 794w, https:\/\/forearthforus.com\/wp-content\/uploads\/2024\/05\/ZdZ24_program-105x300.png 105w, https:\/\/forearthforus.com\/wp-content\/uploads\/2024\/05\/ZdZ24_program-358x1024.png 358w, https:\/\/forearthforus.com\/wp-content\/uploads\/2024\/05\/ZdZ24_program-768x2194.png 768w, https:\/\/forearthforus.com\/wp-content\/uploads\/2024\/05\/ZdZ24_program-538x1536.png 538w, https:\/\/forearthforus.com\/wp-content\/uploads\/2024\/05\/ZdZ24_program-717x2048.png 717w, https:\/\/forearthforus.com\/wp-content\/uploads\/2024\/05\/ZdZ24_program-536x1531.png 536w\" sizes=\"auto, (max-width: 794px) 100vw, 794px\" \/><\/figure>\n<\/div>\n<\/div>\n<\/div>\n<\/div>\n\n\n\n<h1 class=\"wp-block-heading has-text-align-center\">Organizatorzy<\/h1>\n\n\n\n<div class=\"wp-block-columns is-layout-flex wp-container-core-columns-is-layout-28f84493 wp-block-columns-is-layout-flex\">\n<div class=\"wp-block-column container-my is-layout-flow wp-block-column-is-layout-flow\">\n<div class=\"wp-block-columns artists is-layout-flex wp-container-core-columns-is-layout-28f84493 wp-block-columns-is-layout-flex\">\n<div class=\"wp-block-column is-layout-flow wp-block-column-is-layout-flow\">\n<div class=\"wp-block-columns is-layout-flex wp-container-core-columns-is-layout-28f84493 wp-block-columns-is-layout-flex\">\n<div class=\"wp-block-column is-vertically-aligned-top has-white-color has-text-color is-layout-flow wp-block-column-is-layout-flow\">\n<figure class=\"wp-block-image size-large\"><img loading=\"lazy\" decoding=\"async\" width=\"1024\" height=\"1024\" src=\"https:\/\/serwer1739540.home.pl\/fefu2\/wp-content\/uploads\/2023\/07\/logo_FUJ_1500_1500piks-1024x1024.png\" alt=\"\" class=\"wp-image-860\" srcset=\"https:\/\/forearthforus.com\/wp-content\/uploads\/2023\/07\/logo_FUJ_1500_1500piks-1024x1024.png 1024w, https:\/\/forearthforus.com\/wp-content\/uploads\/2023\/07\/logo_FUJ_1500_1500piks-300x300.png 300w, https:\/\/forearthforus.com\/wp-content\/uploads\/2023\/07\/logo_FUJ_1500_1500piks-150x150.png 150w, https:\/\/forearthforus.com\/wp-content\/uploads\/2023\/07\/logo_FUJ_1500_1500piks-768x768.png 768w, https:\/\/forearthforus.com\/wp-content\/uploads\/2023\/07\/logo_FUJ_1500_1500piks-400x400.png 400w, https:\/\/forearthforus.com\/wp-content\/uploads\/2023\/07\/logo_FUJ_1500_1500piks-512x512.png 512w, https:\/\/forearthforus.com\/wp-content\/uploads\/2023\/07\/logo_FUJ_1500_1500piks-536x536.png 536w, https:\/\/forearthforus.com\/wp-content\/uploads\/2023\/07\/logo_FUJ_1500_1500piks.png 1500w\" sizes=\"auto, (max-width: 1024px) 100vw, 1024px\" \/><\/figure>\n\n\n\n<h2 class=\"wp-block-heading has-text-align-center artisttitle has-white-color has-text-color has-background\" style=\"background-color:#008295;font-size:16px;text-transform:uppercase\"><a href=\"https:\/\/www.forearthforus.com\/zwolnij-dla-zdrowia\/program\/#\">FUNDACJA URSZULI JAWORSKIEJ<\/a><\/h2>\n<\/div>\n\n\n\n<div class=\"wp-block-column is-vertically-aligned-top has-white-color has-text-color is-layout-flow wp-block-column-is-layout-flow\">\n<figure class=\"wp-block-image size-full\"><img loading=\"lazy\" decoding=\"async\" width=\"675\" height=\"675\" src=\"https:\/\/serwer1739540.home.pl\/fefu2\/wp-content\/uploads\/2023\/07\/slow-jogging-polska-logo-675x675-1.jpg\" alt=\"\" class=\"wp-image-861\" srcset=\"https:\/\/forearthforus.com\/wp-content\/uploads\/2023\/07\/slow-jogging-polska-logo-675x675-1.jpg 675w, https:\/\/forearthforus.com\/wp-content\/uploads\/2023\/07\/slow-jogging-polska-logo-675x675-1-300x300.jpg 300w, https:\/\/forearthforus.com\/wp-content\/uploads\/2023\/07\/slow-jogging-polska-logo-675x675-1-150x150.jpg 150w, https:\/\/forearthforus.com\/wp-content\/uploads\/2023\/07\/slow-jogging-polska-logo-675x675-1-400x400.jpg 400w, https:\/\/forearthforus.com\/wp-content\/uploads\/2023\/07\/slow-jogging-polska-logo-675x675-1-512x512.jpg 512w, https:\/\/forearthforus.com\/wp-content\/uploads\/2023\/07\/slow-jogging-polska-logo-675x675-1-536x536.jpg 536w\" sizes=\"auto, (max-width: 675px) 100vw, 675px\" \/><\/figure>\n\n\n\n<h2 class=\"wp-block-heading has-text-align-center artisttitle has-white-color has-text-color has-background\" style=\"background-color:#008295;font-size:16px;text-transform:uppercase\"><a href=\"https:\/\/www.forearthforus.com\/zwolnij-dla-zdrowia\/program\/#\">STOWARZYSZENIE SLOW JOGGING POLSKA<\/a><\/h2>\n<\/div>\n<\/div>\n<\/div>\n\n\n\n<div class=\"wp-block-column is-layout-flow wp-block-column-is-layout-flow\">\n<div class=\"wp-block-columns is-layout-flex wp-container-core-columns-is-layout-28f84493 wp-block-columns-is-layout-flex\">\n<div class=\"wp-block-column is-vertically-aligned-top has-white-color has-text-color is-layout-flow wp-block-column-is-layout-flow\">\n<figure class=\"wp-block-image size-full\"><img loading=\"lazy\" decoding=\"async\" width=\"731\" height=\"730\" src=\"https:\/\/serwer1739540.home.pl\/fefu2\/wp-content\/uploads\/2023\/07\/FEFU_logo_ciemne-tlo2-1.png\" alt=\"\" class=\"wp-image-509\" srcset=\"https:\/\/forearthforus.com\/wp-content\/uploads\/2023\/07\/FEFU_logo_ciemne-tlo2-1.png 731w, https:\/\/forearthforus.com\/wp-content\/uploads\/2023\/07\/FEFU_logo_ciemne-tlo2-1-300x300.png 300w, https:\/\/forearthforus.com\/wp-content\/uploads\/2023\/07\/FEFU_logo_ciemne-tlo2-1-150x150.png 150w, https:\/\/forearthforus.com\/wp-content\/uploads\/2023\/07\/FEFU_logo_ciemne-tlo2-1-400x400.png 400w, https:\/\/forearthforus.com\/wp-content\/uploads\/2023\/07\/FEFU_logo_ciemne-tlo2-1-512x512.png 512w, https:\/\/forearthforus.com\/wp-content\/uploads\/2023\/07\/FEFU_logo_ciemne-tlo2-1-536x535.png 536w\" sizes=\"auto, (max-width: 731px) 100vw, 731px\" \/><\/figure>\n\n\n\n<h2 class=\"wp-block-heading has-text-align-center artisttitle has-white-color has-text-color has-background\" style=\"background-color:#008295;font-size:16px;text-transform:uppercase\"><a href=\"https:\/\/www.forearthforus.com\/zwolnij-dla-zdrowia\/program\/#\">FUNDACJA FOR EARTH FOR US<\/a><\/h2>\n<\/div>\n\n\n\n<div class=\"wp-block-column is-vertically-aligned-top has-white-color has-text-color is-layout-flow wp-block-column-is-layout-flow\">\n<figure class=\"wp-block-image size-full\"><img loading=\"lazy\" decoding=\"async\" width=\"600\" height=\"600\" src=\"https:\/\/serwer1739540.home.pl\/fefu2\/wp-content\/uploads\/2023\/07\/VisionAir-600px.jpg\" alt=\"\" class=\"wp-image-495\" srcset=\"https:\/\/forearthforus.com\/wp-content\/uploads\/2023\/07\/VisionAir-600px.jpg 600w, https:\/\/forearthforus.com\/wp-content\/uploads\/2023\/07\/VisionAir-600px-300x300.jpg 300w, https:\/\/forearthforus.com\/wp-content\/uploads\/2023\/07\/VisionAir-600px-150x150.jpg 150w, https:\/\/forearthforus.com\/wp-content\/uploads\/2023\/07\/VisionAir-600px-400x400.jpg 400w, https:\/\/forearthforus.com\/wp-content\/uploads\/2023\/07\/VisionAir-600px-512x512.jpg 512w, https:\/\/forearthforus.com\/wp-content\/uploads\/2023\/07\/VisionAir-600px-536x536.jpg 536w\" sizes=\"auto, (max-width: 600px) 100vw, 600px\" \/><\/figure>\n\n\n\n<h2 class=\"wp-block-heading has-text-align-center artisttitle has-white-color has-text-color has-background\" style=\"background-color:#008295;font-size:16px;text-transform:uppercase\"><a href=\"https:\/\/www.forearthforus.com\/zwolnij-dla-zdrowia\/program\/\">ORGANIZATOR WYKONAWCZY- VISIONAIR<\/a><\/h2>\n<\/div>\n<\/div>\n<\/div>\n<\/div>\n<\/div>\n<\/div>\n\n\n\n<div style=\"height:40px\" aria-hidden=\"true\" class=\"wp-block-spacer\"><\/div>\n\n\n\n<div class=\"footter-contact\">\n<div><img decoding=\"async\" src=\"https:\/\/serwer1739540.home.pl\/fefu2\/wp-content\/uploads\/2023\/07\/home-logo-f01.png\"><\/div><div><a href=\"https:\/\/forearthforus.com\/index.php\/kontakt\/\">KONTAKT<\/a><\/div><\/div>\n\n\n\n\n\n<div class=\"wp-block-columns is-layout-flex wp-container-core-columns-is-layout-28f84493 wp-block-columns-is-layout-flex\"><\/div>\n\n\n\n<div class=\"wp-block-columns is-layout-flex wp-container-core-columns-is-layout-28f84493 wp-block-columns-is-layout-flex\"><\/div>\n\n\n\n<div class=\"wp-block-columns is-layout-flex wp-container-core-columns-is-layout-28f84493 wp-block-columns-is-layout-flex\"><\/div>\n\n\n\n<div class=\"wp-block-columns is-layout-flex wp-container-core-columns-is-layout-28f84493 wp-block-columns-is-layout-flex\"><\/div>\n","protected":false},"excerpt":{"rendered":"<p>\u201eZwolnij dla Zdrowia\u201d \u2013 dla siebie, dla bliskich, dla nas wszystkich! Druga edycja Miasteczka \u201eZwolnij dla Zdrowia\u201d w sobot\u0119, 25 maja 2024 roku, w S\u0142u\u017cewskim Domu Kultury w Warszawie. To czas na bezp\u0142atne konsultacje medyczne i prozdrowotne atrakcje dla ca\u0142ych rodzin! Zadbanie o zdrowie mo\u017ce by\u0107 bardzo proste! Zapraszamy wi\u0119c w sobot\u0119 25 maja, w &hellip;<\/p>\n","protected":false},"author":1,"featured_media":0,"parent":831,"menu_order":0,"comment_status":"closed","ping_status":"closed","template":"","meta":{"footnotes":""},"class_list":["post-1629","page","type-page","status-publish","hentry","no-thumb"],"_links":{"self":[{"href":"https:\/\/forearthforus.com\/index.php\/wp-json\/wp\/v2\/pages\/1629","targetHints":{"allow":["GET"]}}],"collection":[{"href":"https:\/\/forearthforus.com\/index.php\/wp-json\/wp\/v2\/pages"}],"about":[{"href":"https:\/\/forearthforus.com\/index.php\/wp-json\/wp\/v2\/types\/page"}],"author":[{"embeddable":true,"href":"https:\/\/forearthforus.com\/index.php\/wp-json\/wp\/v2\/users\/1"}],"replies":[{"embeddable":true,"href":"https:\/\/forearthforus.com\/index.php\/wp-json\/wp\/v2\/comments?post=1629"}],"version-history":[{"count":13,"href":"https:\/\/forearthforus.com\/index.php\/wp-json\/wp\/v2\/pages\/1629\/revisions"}],"predecessor-version":[{"id":1648,"href":"https:\/\/forearthforus.com\/index.php\/wp-json\/wp\/v2\/pages\/1629\/revisions\/1648"}],"up":[{"embeddable":true,"href":"https:\/\/forearthforus.com\/index.php\/wp-json\/wp\/v2\/pages\/831"}],"wp:attachment":[{"href":"https:\/\/forearthforus.com\/index.php\/wp-json\/wp\/v2\/media?parent=1629"}],"curies":[{"name":"wp","href":"https:\/\/api.w.org\/{rel}","templated":true}]}}